{"id":3934,"date":"2021-05-03T09:37:31","date_gmt":"2021-05-03T07:37:31","guid":{"rendered":"https:\/\/www.rotadairon.fr\/privacy-policy\/"},"modified":"2021-12-08T10:17:20","modified_gmt":"2021-12-08T09:17:20","slug":"privacy-policy","status":"publish","type":"page","link":"https:\/\/www.rotadairon.fr\/en\/privacy-policy\/","title":{"rendered":"Privacy Policy"},"content":{"rendered":"\r\n<p>L\u2019adresse de notre site Web est\u00a0: https:\/\/<a href=\"http:\/\/www.rotadairon.fr\">www.rotadairon.fr<\/a>.<\/p>\r\n\r\n\r\n\r\n<h2 class=\"wp-block-heading\">USE OF PERSONAL DATA COLLECTED<\/h2>\r\n\r\n\r\n\r\n<h3 class=\"wp-block-heading\">COMMENTS<\/h3>\r\n\r\n\r\n\r\n<p>When you leave a comment on our website, the data entered in the comment form, but also your IP address and the user agent of your browser are collected to help us detect unwanted comments.<\/p>\r\n\r\n\r\n\r\n<p>An anonymized string created from your email address (also called hash) can be sent to the Gravatar service to check if you are using it. Gravatar\u2019s privacy policy can be found here: https:\/\/automattic.com\/privacy\/. Once your comment has been validated, your profile picture will be publicly visible next to your comment.<\/p>\r\n\r\n\r\n\r\n<h3 class=\"wp-block-heading\">IMAGES<\/h3>\r\n\r\n\r\n\r\n<p>If you are a registered user and upload images to the website, we advise you to avoid uploading images containing EXIF data of GPS coordinates. . Visitors to your website can download and extract location data from these images.<\/p>\r\n\r\n\r\n\r\n<h3 class=\"wp-block-heading\">CONTACT FORMS<\/h3>\r\n\r\n\r\n\r\n<h3 class=\"wp-block-heading\">COOKIES<\/h3>\r\n\r\n\r\n\r\n<p>If you post a comment on our website, you will be offered to save your name, email address and website in cookies. This is only for your convenience so you don\u2019t have to enter this information if you post another comment later. These cookies expire after one year.<\/p>\r\n\r\n\r\n\r\n<p>If you go to the login page, a temporary cookie will be created to determine if your browser accepts cookies. It does not contain any personal data and will be deleted automatically when your browser closes.<\/p>\r\n\r\n\r\n\r\n<p>When you log in, we will set a number of cookies to store your login information and screen preferences. The lifetime of a login cookie is two days, the lifetime of a screen option cookie is one year. If you check \u201cRemember Me\u201d, your login cookie will be kept for two weeks. If you log out of your account, the login cookie will be deleted. If you log out of your account, the login cookie will be deleted.<\/p>\r\n\r\n\r\n\r\n<p>By modifying or publishing a publication, an additional cookie will be saved in your browser. This cookie does not include any personal data. It simply indicates the ID of the publication you have just modified. It It expires after one day.<\/p>\r\n\r\n\r\n\r\n<h3 class=\"wp-block-heading\">EMBEDDED CONTENT FROM OTHER SITES<\/h3>\r\n\r\n\r\n\r\n<p>Articles on this site may include embedded content (for example videos, images, articles, etc.). Content embedded from other sites behaves in the same way as if the visitor went to this other site<\/p>\r\n\r\n\r\n\r\n<p>These websites may collect data about you, use cookies, embed third-party tracking tools, track your interactions with such embedded content if you have an account connected to their website.<\/p>\r\n\r\n\r\n\r\n<h3 class=\"wp-block-heading\">STATISTICS AND AUDIENCE MEASURES<\/h3>\r\n\r\n\r\n\r\n<h2 class=\"wp-block-heading\">USE AND TRANSMISSION OF YOUR PERSONAL DATA<\/h2>\r\n\r\n\r\n\r\n<h2 class=\"wp-block-heading\">STORAGE DURATION FOR YOUR DATA<\/h2>\r\n\r\n\r\n\r\n<p>If you leave a comment, the comment and its metadata are stored indefinitely. This allows you to automatically recognize and approve the following comments instead of leaving them in the moderation queue.<\/p>\r\n\r\n\r\n\r\n<p>For users who register on our website (if possible), we also store the personal data indicated in their profile. All users can view, modify or delete their personal information at any time (with the exception of their username). Site managers can also view and edit this information.<\/p>\r\n\r\n\r\n\r\n<h2 class=\"wp-block-heading\">THE RIGHTS YOU HAVE TO YOUR DATA<\/h2>\r\n\r\n\r\n\r\n<p>If you have an account or have left comments on the site, you can request to receive a file containing all the personal data we have about you, including those you have provided to us. You can also request the deletion of your personal data. . This does not take into account data stored for administrative, legal or security purposes.<\/p>\r\n\r\n\r\n\r\n<h2 class=\"wp-block-heading\">THE RIGHTS YOU HAVE TO YOUR DATA<\/h2>\r\n\r\n\r\n\r\n<p>If you have an account or have left comments on the site, you can request to receive a file containing all the personal data we have about you, including those you have provided to us.<\/p>\r\n\r\n\r\n\r\n<h2 class=\"wp-block-heading\">CONTACT INFORMATION<\/h2>\r\n\r\n\r\n\r\n<h2 class=\"wp-block-heading\">ADDITIONAL INFORMATION<\/h2>\r\n\r\n\r\n\r\n<h3 class=\"wp-block-heading\">HOW WE PROTECT YOUR DATA<\/h3>\r\n<div>\r\n<p><span lang=\"FR\">Conform\u00e9ment \u00e0 la loi Informatique et Libert\u00e9s et au RGPD, nous mettons en \u0153uvre les mesures techniques et organisationnelles appropri\u00e9es afin de garantir un niveau de s\u00e9curit\u00e9 adapt\u00e9 au risque et permettant de pr\u00e9venir notamment la destruction, la perte, l\u2019alt\u00e9ration, la divulgation non autoris\u00e9e, ou l\u2019acc\u00e8s non autoris\u00e9 \u00e0 vos Donn\u00e9es.<\/span><\/p>\r\n<\/div>\r\n<div>\r\n<p><span lang=\"FR\">Nous nous effor\u00e7ons de mettre en place toutes pr\u00e9cautions utiles pour pr\u00e9server la confidentialit\u00e9 et la s\u00e9curit\u00e9 des donn\u00e9es personnelles trait\u00e9es et emp\u00eacher qu\u2019elles ne soient d\u00e9form\u00e9es, endommag\u00e9es, d\u00e9truites ou que des tiers non autoris\u00e9s y aient acc\u00e8s. Les mesures de s\u00e9curit\u00e9 technique et organisationnelle conformes \u00e0 l\u2019\u00e9tat de l\u2019art, notamment pour ce qui rel\u00e8ve des syst\u00e8mes d\u2019information, ont \u00e9t\u00e9 instaur\u00e9es. Cependant, la soci\u00e9t\u00e9 ne ma\u00eetrise pas tous les risques li\u00e9s au fonctionnement d\u2019Internet et attire l\u2019attention des visiteurs sur l\u2019existence d\u2019\u00e9ventuels risques inh\u00e9rents \u00e0 son utilisation et \u00e0 son fonctionnement.<\/span><\/p>\r\n<\/div>\r\n\r\n\r\n\r\n<h3 class=\"wp-block-heading\">PROCEDURES IMPLEMENTED IN THE CASE OF DATA LEAK<\/h3>\r\n<p>En cas de fuite de donn\u00e9es, l\u2019ensemble des personnes pr\u00e9sentent dans nos fichiers seront imm\u00e9diatement pr\u00e9venues par mail. De plus, nous mettrons tout en place pour trouver les raisons de la fuite et la stopper le plus rapidement possible.<\/p>\r\n\r\n\r\n\r\n<h3 class=\"wp-block-heading\">THIRD PARTY SERVICES THAT TRANSMIT DATA TO US<\/h3>\r\n<div>\r\n<p><span lang=\"FR\">Les articles de ce site peuvent inclure des contenus int\u00e9gr\u00e9s (par exemple des vid\u00e9os, images, articles\u2026). Le contenu int\u00e9gr\u00e9 depuis d\u2019autres sites se comporte de la m\u00eame mani\u00e8re que si le visiteur se rendait sur cet autre site.<\/span><\/p>\r\n<\/div>\r\n<div>\r\n<p><span lang=\"FR\">Ces sites web pourraient collecter des donn\u00e9es sur vous, utiliser des cookies, embarquer des outils de suivis tiers, suivre vos interactions avec ces contenus embarqu\u00e9s si vous disposez d\u2019un compte connect\u00e9 sur leur site web.<\/span><\/p>\r\n<\/div>\r\n\r\n\r\n\r\n<h3 class=\"wp-block-heading\">AUTOMATED MARKETING AND\/OR PROFILING OPERATIONS USING PERSONAL DATA<\/h3>\r\n<div>\r\n<p><strong><span lang=\"FR\">Emails marketing :<\/span><\/strong><span class=\"apple-converted-space\"><span lang=\"FR\">\u00a0<\/span><\/span><span lang=\"FR\">si vous vous \u00eates inscrit \u00e0 notre newsletter, des messages marketing sur l\u2019actualit\u00e9 de Rotadairon peuvent vous \u00eatre envoy\u00e9s par e-mail. Vous pouvez \u00e0 tout moment cesser de les recevoir en cliquant sur le lien de d\u00e9sinscription pr\u00e9sent dans chacun de nos emails marketing.<\/span><\/p>\r\n<\/div>\r\n<div>\r\n<p><strong><span lang=\"FR\">Publicit\u00e9s cibl\u00e9es :<\/span><\/strong><span class=\"apple-converted-space\"><span lang=\"FR\">\u00a0<\/span><\/span><span lang=\"FR\">vous pouvez \u00eatre cibl\u00e9 par Rotadairon \u00e0 des fins de prospections<\/span> <span lang=\"FR\">commerciales et via l\u2019utilisation des cookies sur les r\u00e9seaux sociaux et \/ ou sur des sites tiers. Vous pouvez \u00e0 tout moment cesser de voir ces publicit\u00e9s en configurant les param\u00e8tres de vos comptes sur les r\u00e9seaux sociaux et \/ ou de votre navigateur.<\/span><\/p>\r\n<\/div>\r\n\r\n\r\n\r\n<h3 class=\"wp-block-heading\">DISPLAY OF INFORMATION RELATED TO SECTORS SUBJECT TO SPECIFIC REGULATIONS<\/h3>\r\n<p>Le Site et son contenu sont r\u00e9gis par le Droit fran\u00e7ais, et tout litige \u00e9ventuel s\u2019y rapportant sera soumis \u00e0 la comp\u00e9tence des tribunaux fran\u00e7ais. Nous utilisons les cookies ou autres technologies similaires pour collecter et stocker les donn\u00e9es des utilisateurs qui naviguent sur notre site ou qui utilisent nos services. Nous recueillons pour cela leur consentement conform\u00e9ment aux politiques et aux sp\u00e9cifications techniques du Cadre de Transparence et de Consentement de l\u2019IAB Europe.<\/p>\r\n","protected":false},"excerpt":{"rendered":"<p>L\u2019adresse de notre site Web est\u00a0: https:\/\/www.rotadairon.fr. USE OF PERSONAL <a href=\"https:\/\/www.rotadairon.fr\/en\/privacy-policy\/\"> Lire la suite<\/a><\/p>\n","protected":false},"author":5,"featured_media":0,"parent":0,"menu_order":0,"comment_status":"closed","ping_status":"closed","template":"","meta":{"_acf_changed":false,"footnotes":""},"class_list":["post-3934","page","type-page","status-publish","hentry"],"acf":[],"yoast_head":"<!-- This site is optimized with the Yoast SEO Premium plugin v27.2 (Yoast SEO v27.3) - https:\/\/yoast.com\/product\/yoast-seo-premium-wordpress\/ -->\n<title>Privacy Policy - Rotadairon<\/title>\n<meta name=\"robots\" content=\"index, follow, max-snippet:-1, max-image-preview:large, max-video-preview:-1\" \/>\n<link rel=\"canonical\" href=\"https:\/\/www.rotadairon.fr\/en\/privacy-policy\/\" \/>\n<meta property=\"og:locale\" content=\"en_US\" \/>\n<meta property=\"og:type\" content=\"article\" \/>\n<meta property=\"og:title\" content=\"Privacy Policy\" \/>\n<meta property=\"og:description\" content=\"L\u2019adresse de notre site Web est\u00a0: https:\/\/www.rotadairon.fr. USE OF PERSONAL Lire la suite\" \/>\n<meta property=\"og:url\" content=\"https:\/\/www.rotadairon.fr\/en\/privacy-policy\/\" \/>\n<meta property=\"og:site_name\" content=\"Rotadairon\" \/>\n<meta property=\"article:publisher\" content=\"https:\/\/www.facebook.com\/ROTADAIRON-124433624314404\/\" \/>\n<meta property=\"article:modified_time\" content=\"2021-12-08T09:17:20+00:00\" \/>\n<meta name=\"twitter:card\" content=\"summary_large_image\" \/>\n<meta name=\"twitter:label1\" content=\"Est. reading time\" \/>\n\t<meta name=\"twitter:data1\" content=\"6 minutes\" \/>\n<!-- \/ Yoast SEO Premium plugin. -->","yoast_head_json":{"title":"Privacy Policy - Rotadairon","robots":{"index":"index","follow":"follow","max-snippet":"max-snippet:-1","max-image-preview":"max-image-preview:large","max-video-preview":"max-video-preview:-1"},"canonical":"https:\/\/www.rotadairon.fr\/en\/privacy-policy\/","og_locale":"en_US","og_type":"article","og_title":"Privacy Policy","og_description":"L\u2019adresse de notre site Web est\u00a0: https:\/\/www.rotadairon.fr. USE OF PERSONAL Lire la suite","og_url":"https:\/\/www.rotadairon.fr\/en\/privacy-policy\/","og_site_name":"Rotadairon","article_publisher":"https:\/\/www.facebook.com\/ROTADAIRON-124433624314404\/","article_modified_time":"2021-12-08T09:17:20+00:00","twitter_card":"summary_large_image","twitter_misc":{"Est. reading time":"6 minutes"},"schema":{"@context":"https:\/\/schema.org","@graph":[{"@type":"WebPage","@id":"https:\/\/www.rotadairon.fr\/en\/privacy-policy\/","url":"https:\/\/www.rotadairon.fr\/en\/privacy-policy\/","name":"Privacy Policy - Rotadairon","isPartOf":{"@id":"https:\/\/www.rotadairon.fr\/en\/#website"},"datePublished":"2021-05-03T07:37:31+00:00","dateModified":"2021-12-08T09:17:20+00:00","breadcrumb":{"@id":"https:\/\/www.rotadairon.fr\/en\/privacy-policy\/#breadcrumb"},"inLanguage":"en-US","potentialAction":[{"@type":"ReadAction","target":["https:\/\/www.rotadairon.fr\/en\/privacy-policy\/"]}]},{"@type":"BreadcrumbList","@id":"https:\/\/www.rotadairon.fr\/en\/privacy-policy\/#breadcrumb","itemListElement":[{"@type":"ListItem","position":1,"name":"Accueil","item":"https:\/\/www.rotadairon.fr\/en\/"},{"@type":"ListItem","position":2,"name":"Privacy Policy"}]},{"@type":"WebSite","@id":"https:\/\/www.rotadairon.fr\/en\/#website","url":"https:\/\/www.rotadairon.fr\/en\/","name":"Rotadairon","description":"Designer and manufacturer of equipment for the creation and maintenance of green spaces","publisher":{"@id":"https:\/\/www.rotadairon.fr\/en\/#organization"},"potentialAction":[{"@type":"SearchAction","target":{"@type":"EntryPoint","urlTemplate":"https:\/\/www.rotadairon.fr\/en\/?s={search_term_string}"},"query-input":{"@type":"PropertyValueSpecification","valueRequired":true,"valueName":"search_term_string"}}],"inLanguage":"en-US"},{"@type":"Organization","@id":"https:\/\/www.rotadairon.fr\/en\/#organization","name":"ROTADAIRON","url":"https:\/\/www.rotadairon.fr\/en\/","logo":{"@type":"ImageObject","inLanguage":"en-US","@id":"https:\/\/www.rotadairon.fr\/en\/#\/schema\/logo\/image\/","url":"https:\/\/www.rotadairon.fr\/wp-content\/uploads\/2020\/07\/logo-rotadairon-site.png","contentUrl":"https:\/\/www.rotadairon.fr\/wp-content\/uploads\/2020\/07\/logo-rotadairon-site.png","width":142,"height":103,"caption":"ROTADAIRON"},"image":{"@id":"https:\/\/www.rotadairon.fr\/en\/#\/schema\/logo\/image\/"},"sameAs":["https:\/\/www.facebook.com\/ROTADAIRON-124433624314404\/","https:\/\/fr.linkedin.com\/company\/rotadairon","https:\/\/www.instagram.com\/rotadairon.fr\/"]}]}},"_links":{"self":[{"href":"https:\/\/www.rotadairon.fr\/en\/wp-json\/wp\/v2\/pages\/3934","targetHints":{"allow":["GET"]}}],"collection":[{"href":"https:\/\/www.rotadairon.fr\/en\/wp-json\/wp\/v2\/pages"}],"about":[{"href":"https:\/\/www.rotadairon.fr\/en\/wp-json\/wp\/v2\/types\/page"}],"author":[{"embeddable":true,"href":"https:\/\/www.rotadairon.fr\/en\/wp-json\/wp\/v2\/users\/5"}],"replies":[{"embeddable":true,"href":"https:\/\/www.rotadairon.fr\/en\/wp-json\/wp\/v2\/comments?post=3934"}],"version-history":[{"count":4,"href":"https:\/\/www.rotadairon.fr\/en\/wp-json\/wp\/v2\/pages\/3934\/revisions"}],"predecessor-version":[{"id":8087,"href":"https:\/\/www.rotadairon.fr\/en\/wp-json\/wp\/v2\/pages\/3934\/revisions\/8087"}],"wp:attachment":[{"href":"https:\/\/www.rotadairon.fr\/en\/wp-json\/wp\/v2\/media?parent=3934"}],"curies":[{"name":"wp","href":"https:\/\/api.w.org\/{rel}","templated":true}]}}